{"id":10913,"date":"2023-01-02T12:13:04","date_gmt":"2023-01-02T11:13:04","guid":{"rendered":"http:\/\/adolas.de\/?page_id=10913"},"modified":"2025-12-21T15:19:27","modified_gmt":"2025-12-21T14:19:27","slug":"beiratstaetigkeit","status":"publish","type":"page","link":"https:\/\/adolas.de\/?page_id=10913","title":{"rendered":"Beiratst\u00e4tigkeit"},"content":{"rendered":"\t\t<div data-elementor-type=\"wp-page\" data-elementor-id=\"10913\" class=\"elementor elementor-10913\">\n\t\t\t\t\t\t<section class=\"elementor-section elementor-top-section elementor-element elementor-element-6147adc3 elementor-section-boxed elementor-section-height-default elementor-section-height-default\" data-id=\"6147adc3\" data-element_type=\"section\">\n\t\t\t\t\t\t<div class=\"elementor-container elementor-column-gap-default\">\n\t\t\t\t\t<div class=\"elementor-column elementor-col-100 elementor-top-column elementor-element elementor-element-1fa3867d\" data-id=\"1fa3867d\" data-element_type=\"column\">\n\t\t\t<div class=\"elementor-widget-wrap elementor-element-populated\">\n\t\t\t\t\t\t<div class=\"elementor-element elementor-element-34cd4d15 elementor-widget elementor-widget-text-editor\" data-id=\"34cd4d15\" data-element_type=\"widget\" data-widget_type=\"text-editor.default\">\n\t\t\t\t<div class=\"elementor-widget-container\">\n\t\t\t\t\t\t\t<p>Beir\u00e4te geh\u00f6ren heute zum Standard guter F\u00fchrung von Familienunternehmen. Daher installieren immer mehr Inhaber einen Beirat fest in Ihrem Unternehmen. Sie vertrauen auf dieses Gremium als Sparringspartner auf Augenh\u00f6he, der bei strategischen Entscheidungen ber\u00e4t, herausfordert und einen eigenen Blickwinkel einnimmt. Laut Sch\u00e4tzungen haben mittlerweile mehr als 40 % der deutschen Familienunternehmen einen Beirat eingerichtet.<\/p><p><img fetchpriority=\"high\" decoding=\"async\" class=\"alignleft wp-image-11174 size-medium\" src=\"https:\/\/adolas.de\/wp-content\/uploads\/2023\/01\/Alois-sitzen-179x300.jpg\" alt=\"\" width=\"179\" height=\"300\" srcset=\"https:\/\/adolas.de\/wp-content\/uploads\/2023\/01\/Alois-sitzen-179x300.jpg 179w, https:\/\/adolas.de\/wp-content\/uploads\/2023\/01\/Alois-sitzen.jpg 400w\" sizes=\"(max-width: 179px) 100vw, 179px\" \/><\/p><p>Dr. Alois Seidl verf\u00fcgt \u00fcber 25 Jahre Berufserfahrung als Gesch\u00e4ftsf\u00fchrer und Vorstand einer AG, zus\u00e4tzlich absolvierte er verschiedenste betriebswirtschaftliche Ausbildungen an renommierten internationalen Universit\u00e4ten und eine Ausbildung zum Aufsichtsrat an der EURO-FH.<\/p><p><a href=\"https:\/\/adolas.de\/wp-content\/uploads\/2023\/02\/LebenslaufSeidl07022023.pdf\"><em>Lebenslauf Dr. Alois Seidl<\/em><\/a><\/p><h4><strong>\u00a0<\/strong><\/h4><h4><strong>\u00a0<\/strong><\/h4><div>\u00a0<\/div><div><strong>\u00a0<\/strong><\/div><h4><strong>Folgende Beiratsmandate werden zur Zeit von Ihm wahrgenommen:<\/strong><\/h4><p><img decoding=\"async\" class=\"alignleft wp-image-11271 size-full\" src=\"https:\/\/adolas.de\/wp-content\/uploads\/2023\/01\/hoefer6002.png\" alt=\"\" width=\"600\" height=\"203\" srcset=\"https:\/\/adolas.de\/wp-content\/uploads\/2023\/01\/hoefer6002.png 600w, https:\/\/adolas.de\/wp-content\/uploads\/2023\/01\/hoefer6002-300x102.png 300w\" sizes=\"(max-width: 600px) 100vw, 600px\" \/><\/p><p><strong>\u00a0<\/strong><\/p><p><strong style=\"background-color: rgba(255, 255, 255, 0); color: var(--the7-base-color); letter-spacing: var(--the7-base-letter-spacing); text-transform: var(--the7-base-text-transform); word-spacing: normal;\">Dr. Alois Seidl<\/strong><span style=\"background-color: rgba(255, 255, 255, 0); color: var(--the7-base-color); letter-spacing: var(--the7-base-letter-spacing); text-transform: var(--the7-base-text-transform); word-spacing: normal;\"> ist Beirat der Hoefer GmbH Lackfabrik, einem mittelst\u00e4ndigen Unternehmen der Lackindustrie.<\/span><\/p><p><strong style=\"background-color: rgba(255, 255, 255, 0); color: var(--the7-base-color); letter-spacing: var(--the7-base-letter-spacing); text-transform: var(--the7-base-text-transform); word-spacing: normal;\">\u00a0 \u00a0 \u00a0 \u00a0 \u00a0 \u00a0 \u00a0 \u00a0 \u00a0 \u00a0 \u00a0 \u00a0 \u00a0 \u00a0 \u00a0 \u00a0 \u00a0 \u00a0 \u00a0 \u00a0 \u00a0 \u00a0 \u00a0 \u00a0 \u00a0 \u00a0 \u00a0 \u00a0 \u00a0<\/strong><\/p><p>\u00a0<\/p><p><strong style=\"background-color: rgba(255, 255, 255, 0); color: var(--the7-base-color); letter-spacing: var(--the7-base-letter-spacing); text-transform: var(--the7-base-text-transform); word-spacing: normal;\"> <img decoding=\"async\" class=\"wp-image-11702 alignleft\" src=\"https:\/\/adolas.de\/wp-content\/uploads\/2025\/12\/Unbenannt-300x81.png\" alt=\"\" width=\"600\" height=\"163\" srcset=\"https:\/\/adolas.de\/wp-content\/uploads\/2025\/12\/Unbenannt-300x81.png 300w, https:\/\/adolas.de\/wp-content\/uploads\/2025\/12\/Unbenannt-1024x278.png 1024w, https:\/\/adolas.de\/wp-content\/uploads\/2025\/12\/Unbenannt-768x208.png 768w, https:\/\/adolas.de\/wp-content\/uploads\/2025\/12\/Unbenannt-1536x416.png 1536w, https:\/\/adolas.de\/wp-content\/uploads\/2025\/12\/Unbenannt-2048x555.png 2048w\" sizes=\"(max-width: 600px) 100vw, 600px\" \/><\/strong><\/p><p>\u00a0<\/p><p><strong style=\"background-color: rgba(255, 255, 255, 0); color: var(--the7-base-color); letter-spacing: var(--the7-base-letter-spacing); text-transform: var(--the7-base-text-transform); word-spacing: normal;\"><strong style=\"background-color: rgba(255, 255, 255, 0); color: var(--the7-base-color); letter-spacing: var(--the7-base-letter-spacing); text-transform: var(--the7-base-text-transform); word-spacing: normal;\"><strong style=\"background-color: rgba(255, 255, 255, 0); color: var(--the7-base-color); letter-spacing: var(--the7-base-letter-spacing); text-transform: var(--the7-base-text-transform); word-spacing: normal;\"><strong style=\"background-color: rgba(255, 255, 255, 0); color: var(--the7-base-color); letter-spacing: var(--the7-base-letter-spacing); text-transform: var(--the7-base-text-transform); word-spacing: normal;\"><strong style=\"background-color: rgba(255, 255, 255, 0); color: var(--the7-base-color); letter-spacing: var(--the7-base-letter-spacing); text-transform: var(--the7-base-text-transform); word-spacing: normal;\">Dr. Alois Seidl<\/strong><\/strong><\/strong><\/strong><\/strong><span style=\"color: var(--the7-base-color); background-color: rgba(255, 255, 255, 0); letter-spacing: var(--the7-base-letter-spacing); text-transform: var(--the7-base-text-transform); word-spacing: normal;\"> ist Beirat der Schlenk Metallic Pigments GmbH, einem mittelst\u00e4ndigen Unternehmen der Pigmentindustrie<\/span><\/p>\t\t\t\t\t\t<\/div>\n\t\t\t\t<\/div>\n\t\t\t\t\t<\/div>\n\t\t<\/div>\n\t\t\t\t\t<\/div>\n\t\t<\/section>\n\t\t\t\t<\/div>\n\t\t","protected":false},"excerpt":{"rendered":"<p>Beir\u00e4te geh\u00f6ren heute zum Standard guter F\u00fchrung von Familienunternehmen. Daher installieren immer mehr Inhaber einen Beirat fest in Ihrem Unternehmen. Sie vertrauen auf dieses Gremium als Sparringspartner auf Augenh\u00f6he, der bei strategischen Entscheidungen ber\u00e4t, herausfordert und einen eigenen Blickwinkel einnimmt. Laut Sch\u00e4tzungen haben mittlerweile mehr als 40 % der deutschen Familienunternehmen einen Beirat eingerichtet. Dr.&hellip;<\/p>\n","protected":false},"author":1,"featured_media":0,"parent":0,"menu_order":0,"comment_status":"closed","ping_status":"closed","template":"","meta":{"footnotes":""},"class_list":["post-10913","page","type-page","status-publish","hentry"],"_links":{"self":[{"href":"https:\/\/adolas.de\/index.php?rest_route=\/wp\/v2\/pages\/10913","targetHints":{"allow":["GET"]}}],"collection":[{"href":"https:\/\/adolas.de\/index.php?rest_route=\/wp\/v2\/pages"}],"about":[{"href":"https:\/\/adolas.de\/index.php?rest_route=\/wp\/v2\/types\/page"}],"author":[{"embeddable":true,"href":"https:\/\/adolas.de\/index.php?rest_route=\/wp\/v2\/users\/1"}],"replies":[{"embeddable":true,"href":"https:\/\/adolas.de\/index.php?rest_route=%2Fwp%2Fv2%2Fcomments&post=10913"}],"version-history":[{"count":82,"href":"https:\/\/adolas.de\/index.php?rest_route=\/wp\/v2\/pages\/10913\/revisions"}],"predecessor-version":[{"id":11705,"href":"https:\/\/adolas.de\/index.php?rest_route=\/wp\/v2\/pages\/10913\/revisions\/11705"}],"wp:attachment":[{"href":"https:\/\/adolas.de\/index.php?rest_route=%2Fwp%2Fv2%2Fmedia&parent=10913"}],"curies":[{"name":"wp","href":"https:\/\/api.w.org\/{rel}","templated":true}]}}